{"id":22861,"date":"2020-04-30T10:32:31","date_gmt":"2020-04-30T10:32:31","guid":{"rendered":"https:\/\/formatgeriaxarcuteriablanca.com\/contacto\/"},"modified":"2024-09-19T12:26:24","modified_gmt":"2024-09-19T12:26:24","slug":"contacto","status":"publish","type":"page","link":"https:\/\/formatgeriaxarcuteriablanca.com\/es\/contacto\/","title":{"rendered":"Contacto"},"content":{"rendered":"\t\t<div data-elementor-type=\"wp-page\" data-elementor-id=\"22861\" class=\"elementor elementor-22861 elementor-1440\">\n\t\t\t\t\t\t<section class=\"elementor-section elementor-top-section elementor-element elementor-element-9c5ce28 sc_layouts_hide_on_wide sc_layouts_hide_on_desktop sc_layouts_hide_on_notebook sc_layouts_hide_on_tablet sc_layouts_hide_on_mobile elementor-section-boxed elementor-section-height-default elementor-section-height-default sc_fly_static\" data-id=\"9c5ce28\" data-element_type=\"section\">\n\t\t\t\t\t\t<div class=\"elementor-container elementor-column-gap-extended\">\n\t\t\t\t\t<div class=\"elementor-column elementor-col-100 elementor-top-column elementor-element elementor-element-b054a5d sc_inner_width_none sc_content_align_inherit sc_layouts_column_icons_position_left sc_fly_static\" data-id=\"b054a5d\" data-element_type=\"column\">\n\t\t\t<div class=\"elementor-widget-wrap elementor-element-populated\">\n\t\t\t\t\t\t<div class=\"elementor-element elementor-element-a047dd9 sc_fly_static elementor-widget elementor-widget-text-editor\" data-id=\"a047dd9\" data-element_type=\"widget\" data-widget_type=\"text-editor.default\">\n\t\t\t\t<div class=\"elementor-widget-container\">\n\t\t\t\t\t\t\t<p>Contacto<\/p>\n<p><a href=\"https:\/\/maps.google.com\" target=\"_blank\" rel=\"noopener\">donde estamos<\/a><\/p>\n<p><a href=\"https:\/\/formatgeriaxarcuteriablanca.com\/productes\/\">productos<\/a><\/p>\n\t\t\t\t\t\t<\/div>\n\t\t\t\t<\/div>\n\t\t\t\t\t<\/div>\n\t\t<\/div>\n\t\t\t\t\t<\/div>\n\t\t<\/section>\n\t\t\t\t<section class=\"elementor-section elementor-top-section elementor-element elementor-element-a10b22a elementor-section-boxed elementor-section-height-default elementor-section-height-default sc_fly_static\" data-id=\"a10b22a\" data-element_type=\"section\">\n\t\t\t\t\t\t<div class=\"elementor-container elementor-column-gap-extended\">\n\t\t\t\t\t<div class=\"elementor-column elementor-col-100 elementor-top-column elementor-element elementor-element-9647eac sc_inner_width_none sc_content_align_inherit sc_layouts_column_icons_position_left sc_fly_static\" data-id=\"9647eac\" data-element_type=\"column\">\n\t\t\t<div class=\"elementor-widget-wrap elementor-element-populated\">\n\t\t\t\t\t\t\t<\/div>\n\t\t<\/div>\n\t\t\t\t\t<\/div>\n\t\t<\/section>\n\t\t\t\t<section class=\"elementor-section elementor-top-section elementor-element elementor-element-a92f3a1 scheme_default elementor-section-boxed elementor-section-height-default elementor-section-height-default sc_fly_static\" data-id=\"a92f3a1\" data-element_type=\"section\" data-settings=\"{&quot;background_background&quot;:&quot;classic&quot;}\">\n\t\t\t\t\t\t<div class=\"elementor-container elementor-column-gap-extended\">\n\t\t\t\t\t<div class=\"elementor-column elementor-col-50 elementor-top-column elementor-element elementor-element-f40fb17 sc_inner_width_none sc_content_align_inherit sc_layouts_column_icons_position_left sc_fly_static\" data-id=\"f40fb17\" data-element_type=\"column\">\n\t\t\t<div class=\"elementor-widget-wrap elementor-element-populated\">\n\t\t\t\t\t\t<div class=\"elementor-element elementor-element-44a6e25 sc_fly_static elementor-widget elementor-widget-trx_sc_title\" data-id=\"44a6e25\" data-element_type=\"widget\" data-widget_type=\"trx_sc_title.default\">\n\t\t\t\t<div class=\"elementor-widget-container\">\n\t\t\t<div\t\tclass=\"sc_title color_style_dark sc_title_default\" ><span class=\"sc_item_subtitle sc_title_subtitle sc_item_subtitle_above sc_item_title_style_default\">Cont\u00e1ctanos<\/span><h1 class=\"sc_item_title sc_title_title sc_item_title_style_default sc_item_title_tag\"\n\t\t\t><span class=\"sc_item_title_text\">\u00bfTienes preguntas?<\/span><\/h1><\/div>\t\t<\/div>\n\t\t\t\t<\/div>\n\t\t\t\t<div class=\"elementor-element elementor-element-7d278a4 sc_layouts_hide_on_mobile sc_fly_static elementor-widget elementor-widget-spacer\" data-id=\"7d278a4\" data-element_type=\"widget\" data-widget_type=\"spacer.default\">\n\t\t\t\t<div class=\"elementor-widget-container\">\n\t\t\t\t\t<div class=\"elementor-spacer\">\n\t\t\t<div class=\"elementor-spacer-inner\"><\/div>\n\t\t<\/div>\n\t\t\t\t<\/div>\n\t\t\t\t<\/div>\n\t\t\t\t<div class=\"elementor-element elementor-element-af7adb4 sc_fly_static elementor-widget elementor-widget-image\" data-id=\"af7adb4\" data-element_type=\"widget\" data-widget_type=\"image.default\">\n\t\t\t\t<div class=\"elementor-widget-container\">\n\t\t\t\t\t\t\t\t\t\t\t\t\t<img fetchpriority=\"high\" decoding=\"async\" width=\"740\" height=\"636\" src=\"https:\/\/formatgeriaxarcuteriablanca.com\/wp-content\/uploads\/2024\/09\/contacte_001.jpg\" class=\"attachment-full size-full wp-image-23027\" alt=\"\" srcset=\"https:\/\/formatgeriaxarcuteriablanca.com\/wp-content\/uploads\/2024\/09\/contacte_001.jpg 740w, https:\/\/formatgeriaxarcuteriablanca.com\/wp-content\/uploads\/2024\/09\/contacte_001-300x258.jpg 300w, https:\/\/formatgeriaxarcuteriablanca.com\/wp-content\/uploads\/2024\/09\/contacte_001-370x318.jpg 370w, https:\/\/formatgeriaxarcuteriablanca.com\/wp-content\/uploads\/2024\/09\/contacte_001-410x352.jpg 410w\" sizes=\"(max-width: 740px) 100vw, 740px\" \/>\t\t\t\t\t\t\t\t\t\t\t\t\t<\/div>\n\t\t\t\t<\/div>\n\t\t\t\t\t<\/div>\n\t\t<\/div>\n\t\t\t\t<div class=\"elementor-column elementor-col-50 elementor-top-column elementor-element elementor-element-d3bb2ed sc_inner_width_none sc_content_align_inherit sc_layouts_column_icons_position_left sc_fly_static\" data-id=\"d3bb2ed\" data-element_type=\"column\" data-settings=\"{&quot;background_background&quot;:&quot;classic&quot;}\">\n\t\t\t<div class=\"elementor-widget-wrap elementor-element-populated\">\n\t\t\t\t\t\t<div class=\"elementor-element elementor-element-051c37b sc_layouts_hide_on_tablet sc_fly_static elementor-widget elementor-widget-spacer\" data-id=\"051c37b\" data-element_type=\"widget\" data-widget_type=\"spacer.default\">\n\t\t\t\t<div class=\"elementor-widget-container\">\n\t\t\t\t\t<div class=\"elementor-spacer\">\n\t\t\t<div class=\"elementor-spacer-inner\"><\/div>\n\t\t<\/div>\n\t\t\t\t<\/div>\n\t\t\t\t<\/div>\n\t\t\t\t<div class=\"elementor-element elementor-element-c6b5b69 sc_fly_static elementor-widget elementor-widget-trx_sc_contact_form_7\" data-id=\"c6b5b69\" data-element_type=\"widget\" id=\"contact-form\" data-widget_type=\"trx_sc_contact_form_7.default\">\n\t\t\t\t<div class=\"elementor-widget-container\">\n\t\t\t\n<div class=\"wpcf7 no-js\" id=\"wpcf7-f22883-o1\" lang=\"es-ES\" dir=\"ltr\" data-wpcf7-id=\"22883\">\n<div class=\"screen-reader-response\"><p role=\"status\" aria-live=\"polite\" aria-atomic=\"true\"><\/p> <ul><\/ul><\/div>\n<form action=\"\/es\/wp-json\/wp\/v2\/pages\/22861#wpcf7-f22883-o1\" method=\"post\" class=\"wpcf7-form init\" aria-label=\"Formulario de contacto\" novalidate=\"novalidate\" data-status=\"init\">\n<div style=\"display: none;\">\n<input type=\"hidden\" name=\"_wpcf7\" value=\"22883\" \/>\n<input type=\"hidden\" name=\"_wpcf7_version\" value=\"6.0\" \/>\n<input type=\"hidden\" name=\"_wpcf7_locale\" value=\"es_ES\" \/>\n<input type=\"hidden\" name=\"_wpcf7_unit_tag\" value=\"wpcf7-f22883-o1\" \/>\n<input type=\"hidden\" name=\"_wpcf7_container_post\" value=\"0\" \/>\n<input type=\"hidden\" name=\"_wpcf7_posted_data_hash\" value=\"\" \/>\n<input type=\"hidden\" name=\"_wpcf7_recaptcha_response\" value=\"\" \/>\n<\/div>\n<div class=\"form-style-7\">\n\t<div class=\"columns_wrap\">\n\t\t<div class=\"column-1_1\">\n\t\t\t<p><span class=\"style-line icon-name\"><span class=\"wpcf7-form-control-wrap\" data-name=\"your-name\"><input size=\"40\" maxlength=\"400\" class=\"wpcf7-form-control wpcf7-text wpcf7-validates-as-required\" aria-required=\"true\" aria-invalid=\"false\" placeholder=\"Nombre\" value=\"\" type=\"text\" name=\"your-name\" \/><\/span><\/span>\n\t\t\t<\/p>\n\t\t<\/div>\n\t\t<div class=\"column-1_1\">\n\t\t\t<p><span class=\"style-line icon-phone\"><span class=\"wpcf7-form-control-wrap\" data-name=\"phone\"><input size=\"40\" maxlength=\"400\" class=\"wpcf7-form-control wpcf7-tel wpcf7-validates-as-required wpcf7-text wpcf7-validates-as-tel\" aria-required=\"true\" aria-invalid=\"false\" placeholder=\"Tel\u00e9fono\" value=\"\" type=\"tel\" name=\"phone\" \/><\/span><\/span>\n\t\t\t<\/p>\n\t\t<\/div>\n\t\t<div class=\"column-1_1\">\n\t\t\t<p><span class=\"style-line icon-email\"><span class=\"wpcf7-form-control-wrap\" data-name=\"your-email\"><input size=\"40\" maxlength=\"400\" class=\"wpcf7-form-control wpcf7-email wpcf7-validates-as-required wpcf7-text wpcf7-validates-as-email\" aria-required=\"true\" aria-invalid=\"false\" placeholder=\"Email\" value=\"\" type=\"email\" name=\"your-email\" \/><\/span><\/span>\n\t\t\t<\/p>\n\t\t<\/div>\n\t\t<div class=\"column-1_1\">\n\t\t\t<p><span class=\"style-line icon-subject\"><span class=\"wpcf7-form-control-wrap\" data-name=\"subject\"><input size=\"40\" maxlength=\"400\" class=\"wpcf7-form-control wpcf7-text wpcf7-validates-as-required\" aria-required=\"true\" aria-invalid=\"false\" placeholder=\"Asunto\" value=\"\" type=\"text\" name=\"subject\" \/><\/span><\/span>\n\t\t\t<\/p>\n\t\t<\/div>\n\t<\/div>\n\t<div class=\"columns_wrap margin-bottom\">\n\t\t<div class=\"column-1_1\">\n\t\t\t<p><span class=\"style-line icon-textarea\"><span class=\"wpcf7-form-control-wrap\" data-name=\"your-message\"><textarea cols=\"40\" rows=\"10\" maxlength=\"2000\" class=\"wpcf7-form-control wpcf7-textarea wpcf7-validates-as-required\" aria-required=\"true\" aria-invalid=\"false\" placeholder=\"\u00bfC\u00f3mo podemos ayudarte? Contacta con nosotros!\" name=\"your-message\"><\/textarea><\/span><\/span>\n\t\t\t<\/p>\n\t\t<\/div>\n\t<\/div>\n\t<div class=\"columns_wrap margin-bottom\">\n\t\t<div class=\"column-1_1\">\n\t\t\t<p><span class=\"wpcf7-form-control-wrap\" data-name=\"acceptance-15\"><span class=\"wpcf7-form-control wpcf7-acceptance\"><span class=\"wpcf7-list-item\"><input type=\"checkbox\" name=\"acceptance-15\" value=\"1\" aria-invalid=\"false\" \/><\/span><\/span><\/span> He le\u00eddo y acepto la <a href=\"https:\/\/formatgeriaxarcuteriablanca.com\/es\/politica-de-privacidad\/\" target=\"_blank\">pol\u00edtica de privacidad<\/a>\n\t\t\t<\/p>\n\t\t<\/div>\n\t<\/div>\n\t<p><input class=\"wpcf7-form-control wpcf7-submit has-spinner\" type=\"submit\" value=\"Contactar\" \/>\n\t<\/p>\n<\/div><div class=\"wpcf7-response-output\" aria-hidden=\"true\"><\/div>\n<\/form>\n<\/div>\n\t\t<\/div>\n\t\t\t\t<\/div>\n\t\t\t\t\t<\/div>\n\t\t<\/div>\n\t\t\t\t\t<\/div>\n\t\t<\/section>\n\t\t\t\t<section class=\"elementor-section elementor-top-section elementor-element elementor-element-269af5f elementor-section-boxed elementor-section-height-default elementor-section-height-default sc_fly_static\" data-id=\"269af5f\" data-element_type=\"section\">\n\t\t\t\t\t\t<div class=\"elementor-container elementor-column-gap-extended\">\n\t\t\t\t\t<div class=\"elementor-column elementor-col-100 elementor-top-column elementor-element elementor-element-dc592ac sc_inner_width_none sc_content_align_inherit sc_layouts_column_icons_position_left sc_fly_static\" data-id=\"dc592ac\" data-element_type=\"column\">\n\t\t\t<div class=\"elementor-widget-wrap elementor-element-populated\">\n\t\t\t\t\t\t\t<\/div>\n\t\t<\/div>\n\t\t\t\t\t<\/div>\n\t\t<\/section>\n\t\t\t\t<section class=\"elementor-section elementor-top-section elementor-element elementor-element-3d441fa6 scheme_light elementor-section-full_width elementor-section-stretched elementor-section-height-default elementor-section-height-default sc_fly_static\" data-id=\"3d441fa6\" data-element_type=\"section\" data-settings=\"{&quot;background_background&quot;:&quot;classic&quot;,&quot;stretch_section&quot;:&quot;section-stretched&quot;}\">\n\t\t\t\t\t\t<div class=\"elementor-container elementor-column-gap-extended\">\n\t\t\t\t\t<div class=\"elementor-column elementor-col-100 elementor-top-column elementor-element elementor-element-4c5fb8af sc_inner_width_none sc_content_align_inherit sc_layouts_column_icons_position_left sc_fly_static\" data-id=\"4c5fb8af\" data-element_type=\"column\">\n\t\t\t<div class=\"elementor-widget-wrap elementor-element-populated\">\n\t\t\t\t\t\t<section class=\"elementor-section elementor-inner-section elementor-element elementor-element-457c50d3 elementor-section-boxed elementor-section-height-default elementor-section-height-default sc_fly_static\" data-id=\"457c50d3\" data-element_type=\"section\">\n\t\t\t\t\t\t<div class=\"elementor-container elementor-column-gap-no\">\n\t\t\t\t\t<div class=\"elementor-column elementor-col-100 elementor-inner-column elementor-element elementor-element-58fcbca sc_inner_width_none sc_content_align_inherit sc_layouts_column_icons_position_left sc_fly_static\" data-id=\"58fcbca\" data-element_type=\"column\">\n\t\t\t<div class=\"elementor-widget-wrap elementor-element-populated\">\n\t\t\t\t\t\t<div class=\"elementor-element elementor-element-6c2f1aac sc_fly_static elementor-widget elementor-widget-trx_sc_icons\" data-id=\"6c2f1aac\" data-element_type=\"widget\" data-widget_type=\"trx_sc_icons.default\">\n\t\t\t\t<div class=\"elementor-widget-container\">\n\t\t\t<div \tclass=\"sc_icons sc_icons_plain sc_icons_size_small sc_align_center\" ><div class=\"sc_icons_columns_wrap sc_item_columns trx_addons_columns_wrap columns_padding_bottom columns_in_single_row\" ><div class=\"trx_addons_column-1_3\"><div class=\"sc_icons_item\"><div class=\"sc_icons_image\" ><img decoding=\"async\" src=\"\/\/formatgeriaxarcuteriablanca.com\/wp-content\/uploads\/2022\/08\/clock.svg\" alt=\"Icon\"><\/div><div class=\"sc_icons_item_details\"><h4 class=\"sc_icons_item_title\"><span>Horario<\/span><\/h4><div class=\"sc_icons_item_description\"><span>Ma, Mi y Ju: 8 a 14h y 17h a 20h<\/span><span>Vi: 8 a 20h<\/span><span>Sa: 7 a 14h<\/span><span>Do: Cerrado<\/span><\/div><\/div><\/div><\/div><div class=\"trx_addons_column-1_3\"><div class=\"sc_icons_item sc_icons_item_linked with_more\"><div class=\"sc_icons_image\" ><img decoding=\"async\" src=\"\/\/formatgeriaxarcuteriablanca.com\/wp-content\/uploads\/2022\/08\/marker.svg\" alt=\"Icon\"><\/div><div class=\"sc_icons_item_details\"><h4 class=\"sc_icons_item_title\"><a href=\"https:\/\/goo.gl\/maps\/cUFqLSKC6eird9x8A\" target=\"_blank\">\n                                    Direcci\u00f3n                                    <\/a><\/h4><div class=\"sc_icons_item_description\"><span>Mercat Municipal de la pla\u00e7a de Cuba,<br> Pla\u00e7a de Cuba, parada 22, <br>08302 Matar\u00f3, Barcelona<\/span><\/div><a href=\"https:\/\/goo.gl\/maps\/cUFqLSKC6eird9x8A\" class=\"sc_icons_item_more_link\" target=\"_blank\">\n                        <span class=\"link_text\">On estem<\/span><span class=\"link_icon\"><\/span>\n                        <\/a><a href=\"https:\/\/goo.gl\/maps\/cUFqLSKC6eird9x8A\"\n                        class=\"sc_icons_item_link\" target=\"_blank\">\n                        <\/a><\/div><\/div><\/div><div class=\"trx_addons_column-1_3\"><div class=\"sc_icons_item sc_icons_item_linked with_more\"><div class=\"sc_icons_image\" ><img decoding=\"async\" src=\"\/\/formatgeriaxarcuteriablanca.com\/wp-content\/uploads\/2022\/08\/chat.svg\" alt=\"Icon\"><\/div><div class=\"sc_icons_item_details\"><h4 class=\"sc_icons_item_title\"><a href=\"#contact-form\">\n                                    Contacto                                    <\/a><\/h4><div class=\"sc_icons_item_description\"><span>Tel\u00e9fono: <a href=\"tel:+34937906287\">93 790 62 87<\/a><\/span><span>Tel\u00e9fono: <a href=\"tel:626657145\">626 657 145<\/a><\/span><span>Email: <a href=\"mailto:info@formatgeriaxarcuteriablanca.com\">info@formatgeriaxarcuteriablanca.com<\/a><\/span><\/div><a href=\"#contact-form\" class=\"sc_icons_item_more_link\">\n                        <span class=\"link_text\">Envia&#039;ns un missatge<\/span><span class=\"link_icon\"><\/span>\n                        <\/a><a href=\"#contact-form\"\n                        class=\"sc_icons_item_link\">\n                        <\/a><\/div><\/div><\/div><\/div><\/div><!-- \/.sc_icons -->\t\t<\/div>\n\t\t\t\t<\/div>\n\t\t\t\t\t<\/div>\n\t\t<\/div>\n\t\t\t\t\t<\/div>\n\t\t<\/section>\n\t\t\t\t\t<\/div>\n\t\t<\/div>\n\t\t\t\t\t<\/div>\n\t\t<\/section>\n\t\t\t\t<\/div>\n\t\t","protected":false},"excerpt":{"rendered":"<p>Contacto donde estamos productos Cont\u00e1ctanos \u00bfTienes preguntas? He llegit i accepto la pol\u00edtica de privacitat Horario Ma, Mi y Ju: 8 a 14h y 17h a 20hVi: 8 a 20hSa:&hellip;<\/p>\n","protected":false},"author":3,"featured_media":0,"parent":0,"menu_order":0,"comment_status":"closed","ping_status":"closed","template":"","meta":{"footnotes":""},"class_list":["post-22861","page","type-page","status-publish","hentry"],"yoast_head":"<!-- This site is optimized with the Yoast SEO plugin v23.8 - https:\/\/yoast.com\/wordpress\/plugins\/seo\/ -->\n<title>Contacto - Formatgeria Xarcuteria Blanca<\/title>\n<meta name=\"description\" content=\"Contacto de Formatgeria Xarcuteria Blanca. Formatges, embotits i xarcuteria al Mercat de la Pla\u00e7a de Cuba de Matar\u00f3.\" \/>\n<meta name=\"robots\" content=\"index, follow, max-snippet:-1, max-image-preview:large, max-video-preview:-1\" \/>\n<link rel=\"canonical\" href=\"https:\/\/formatgeriaxarcuteriablanca.com\/es\/contacto\/\" \/>\n<meta property=\"og:locale\" content=\"es_ES\" \/>\n<meta property=\"og:type\" content=\"article\" \/>\n<meta property=\"og:title\" content=\"Contacto - Formatgeria Xarcuteria Blanca\" \/>\n<meta property=\"og:description\" content=\"Contacto de Formatgeria Xarcuteria Blanca. Formatges, embotits i xarcuteria al Mercat de la Pla\u00e7a de Cuba de Matar\u00f3.\" \/>\n<meta property=\"og:url\" content=\"https:\/\/formatgeriaxarcuteriablanca.com\/es\/contacto\/\" \/>\n<meta property=\"og:site_name\" content=\"Formatgeria Xarcuteria Blanca\" \/>\n<meta property=\"article:publisher\" content=\"https:\/\/es-es.facebook.com\/formatgeriablanca.formatgeriaxarcuteria\" \/>\n<meta property=\"article:modified_time\" content=\"2024-09-19T12:26:24+00:00\" \/>\n<meta property=\"og:image\" content=\"https:\/\/formatgeriaxarcuteriablanca.com\/wp-content\/uploads\/2024\/09\/contacte_001.jpg\" \/>\n<meta name=\"twitter:card\" content=\"summary_large_image\" \/>\n<meta name=\"twitter:site\" content=\"@formatge_blanca\" \/>\n<meta name=\"twitter:label1\" content=\"Tiempo de lectura\" \/>\n\t<meta name=\"twitter:data1\" content=\"2 minutos\" \/>\n<script type=\"application\/ld+json\" class=\"yoast-schema-graph\">{\"@context\":\"https:\/\/schema.org\",\"@graph\":[{\"@type\":\"WebPage\",\"@id\":\"https:\/\/formatgeriaxarcuteriablanca.com\/es\/contacto\/\",\"url\":\"https:\/\/formatgeriaxarcuteriablanca.com\/es\/contacto\/\",\"name\":\"Contacto - Formatgeria Xarcuteria Blanca\",\"isPartOf\":{\"@id\":\"https:\/\/formatgeriaxarcuteriablanca.com\/es\/#website\"},\"primaryImageOfPage\":{\"@id\":\"https:\/\/formatgeriaxarcuteriablanca.com\/es\/contacto\/#primaryimage\"},\"image\":{\"@id\":\"https:\/\/formatgeriaxarcuteriablanca.com\/es\/contacto\/#primaryimage\"},\"thumbnailUrl\":\"https:\/\/formatgeriaxarcuteriablanca.com\/wp-content\/uploads\/2024\/09\/contacte_001.jpg\",\"datePublished\":\"2020-04-30T10:32:31+00:00\",\"dateModified\":\"2024-09-19T12:26:24+00:00\",\"description\":\"Contacto de Formatgeria Xarcuteria Blanca. Formatges, embotits i xarcuteria al Mercat de la Pla\u00e7a de Cuba de Matar\u00f3.\",\"breadcrumb\":{\"@id\":\"https:\/\/formatgeriaxarcuteriablanca.com\/es\/contacto\/#breadcrumb\"},\"inLanguage\":\"es\",\"potentialAction\":[{\"@type\":\"ReadAction\",\"target\":[\"https:\/\/formatgeriaxarcuteriablanca.com\/es\/contacto\/\"]}]},{\"@type\":\"ImageObject\",\"inLanguage\":\"es\",\"@id\":\"https:\/\/formatgeriaxarcuteriablanca.com\/es\/contacto\/#primaryimage\",\"url\":\"https:\/\/formatgeriaxarcuteriablanca.com\/wp-content\/uploads\/2024\/09\/contacte_001.jpg\",\"contentUrl\":\"https:\/\/formatgeriaxarcuteriablanca.com\/wp-content\/uploads\/2024\/09\/contacte_001.jpg\"},{\"@type\":\"BreadcrumbList\",\"@id\":\"https:\/\/formatgeriaxarcuteriablanca.com\/es\/contacto\/#breadcrumb\",\"itemListElement\":[{\"@type\":\"ListItem\",\"position\":1,\"name\":\"Inici\",\"item\":\"https:\/\/formatgeriaxarcuteriablanca.com\/es\/formatgeria-xarcuteria-blanca\/\"},{\"@type\":\"ListItem\",\"position\":2,\"name\":\"Contacto\"}]},{\"@type\":\"WebSite\",\"@id\":\"https:\/\/formatgeriaxarcuteriablanca.com\/es\/#website\",\"url\":\"https:\/\/formatgeriaxarcuteriablanca.com\/es\/\",\"name\":\"Formatgeria Xarcuteria Blanca\",\"description\":\"\",\"publisher\":{\"@id\":\"https:\/\/formatgeriaxarcuteriablanca.com\/es\/#organization\"},\"potentialAction\":[{\"@type\":\"SearchAction\",\"target\":{\"@type\":\"EntryPoint\",\"urlTemplate\":\"https:\/\/formatgeriaxarcuteriablanca.com\/es\/?s={search_term_string}\"},\"query-input\":{\"@type\":\"PropertyValueSpecification\",\"valueRequired\":true,\"valueName\":\"search_term_string\"}}],\"inLanguage\":\"es\"},{\"@type\":\"Organization\",\"@id\":\"https:\/\/formatgeriaxarcuteriablanca.com\/es\/#organization\",\"name\":\"Formatgeria Xarcuteria Blanca\",\"url\":\"https:\/\/formatgeriaxarcuteriablanca.com\/es\/\",\"logo\":{\"@type\":\"ImageObject\",\"inLanguage\":\"es\",\"@id\":\"https:\/\/formatgeriaxarcuteriablanca.com\/es\/#\/schema\/logo\/image\/\",\"url\":\"https:\/\/formatgeriaxarcuteriablanca.com\/wp-content\/uploads\/2023\/02\/logo.jpg\",\"contentUrl\":\"https:\/\/formatgeriaxarcuteriablanca.com\/wp-content\/uploads\/2023\/02\/logo.jpg\",\"width\":200,\"height\":103,\"caption\":\"Formatgeria Xarcuteria Blanca\"},\"image\":{\"@id\":\"https:\/\/formatgeriaxarcuteriablanca.com\/es\/#\/schema\/logo\/image\/\"},\"sameAs\":[\"https:\/\/es-es.facebook.com\/formatgeriablanca.formatgeriaxarcuteria\",\"https:\/\/x.com\/formatge_blanca\",\"https:\/\/www.instagram.com\/formatgeria_blanca\/\"]}]}<\/script>\n<!-- \/ Yoast SEO plugin. -->","yoast_head_json":{"title":"Contacto - Formatgeria Xarcuteria Blanca","description":"Contacto de Formatgeria Xarcuteria Blanca. Formatges, embotits i xarcuteria al Mercat de la Pla\u00e7a de Cuba de Matar\u00f3.","robots":{"index":"index","follow":"follow","max-snippet":"max-snippet:-1","max-image-preview":"max-image-preview:large","max-video-preview":"max-video-preview:-1"},"canonical":"https:\/\/formatgeriaxarcuteriablanca.com\/es\/contacto\/","og_locale":"es_ES","og_type":"article","og_title":"Contacto - Formatgeria Xarcuteria Blanca","og_description":"Contacto de Formatgeria Xarcuteria Blanca. Formatges, embotits i xarcuteria al Mercat de la Pla\u00e7a de Cuba de Matar\u00f3.","og_url":"https:\/\/formatgeriaxarcuteriablanca.com\/es\/contacto\/","og_site_name":"Formatgeria Xarcuteria Blanca","article_publisher":"https:\/\/es-es.facebook.com\/formatgeriablanca.formatgeriaxarcuteria","article_modified_time":"2024-09-19T12:26:24+00:00","og_image":[{"url":"https:\/\/formatgeriaxarcuteriablanca.com\/wp-content\/uploads\/2024\/09\/contacte_001.jpg"}],"twitter_card":"summary_large_image","twitter_site":"@formatge_blanca","twitter_misc":{"Tiempo de lectura":"2 minutos"},"schema":{"@context":"https:\/\/schema.org","@graph":[{"@type":"WebPage","@id":"https:\/\/formatgeriaxarcuteriablanca.com\/es\/contacto\/","url":"https:\/\/formatgeriaxarcuteriablanca.com\/es\/contacto\/","name":"Contacto - Formatgeria Xarcuteria Blanca","isPartOf":{"@id":"https:\/\/formatgeriaxarcuteriablanca.com\/es\/#website"},"primaryImageOfPage":{"@id":"https:\/\/formatgeriaxarcuteriablanca.com\/es\/contacto\/#primaryimage"},"image":{"@id":"https:\/\/formatgeriaxarcuteriablanca.com\/es\/contacto\/#primaryimage"},"thumbnailUrl":"https:\/\/formatgeriaxarcuteriablanca.com\/wp-content\/uploads\/2024\/09\/contacte_001.jpg","datePublished":"2020-04-30T10:32:31+00:00","dateModified":"2024-09-19T12:26:24+00:00","description":"Contacto de Formatgeria Xarcuteria Blanca. Formatges, embotits i xarcuteria al Mercat de la Pla\u00e7a de Cuba de Matar\u00f3.","breadcrumb":{"@id":"https:\/\/formatgeriaxarcuteriablanca.com\/es\/contacto\/#breadcrumb"},"inLanguage":"es","potentialAction":[{"@type":"ReadAction","target":["https:\/\/formatgeriaxarcuteriablanca.com\/es\/contacto\/"]}]},{"@type":"ImageObject","inLanguage":"es","@id":"https:\/\/formatgeriaxarcuteriablanca.com\/es\/contacto\/#primaryimage","url":"https:\/\/formatgeriaxarcuteriablanca.com\/wp-content\/uploads\/2024\/09\/contacte_001.jpg","contentUrl":"https:\/\/formatgeriaxarcuteriablanca.com\/wp-content\/uploads\/2024\/09\/contacte_001.jpg"},{"@type":"BreadcrumbList","@id":"https:\/\/formatgeriaxarcuteriablanca.com\/es\/contacto\/#breadcrumb","itemListElement":[{"@type":"ListItem","position":1,"name":"Inici","item":"https:\/\/formatgeriaxarcuteriablanca.com\/es\/formatgeria-xarcuteria-blanca\/"},{"@type":"ListItem","position":2,"name":"Contacto"}]},{"@type":"WebSite","@id":"https:\/\/formatgeriaxarcuteriablanca.com\/es\/#website","url":"https:\/\/formatgeriaxarcuteriablanca.com\/es\/","name":"Formatgeria Xarcuteria Blanca","description":"","publisher":{"@id":"https:\/\/formatgeriaxarcuteriablanca.com\/es\/#organization"},"potentialAction":[{"@type":"SearchAction","target":{"@type":"EntryPoint","urlTemplate":"https:\/\/formatgeriaxarcuteriablanca.com\/es\/?s={search_term_string}"},"query-input":{"@type":"PropertyValueSpecification","valueRequired":true,"valueName":"search_term_string"}}],"inLanguage":"es"},{"@type":"Organization","@id":"https:\/\/formatgeriaxarcuteriablanca.com\/es\/#organization","name":"Formatgeria Xarcuteria Blanca","url":"https:\/\/formatgeriaxarcuteriablanca.com\/es\/","logo":{"@type":"ImageObject","inLanguage":"es","@id":"https:\/\/formatgeriaxarcuteriablanca.com\/es\/#\/schema\/logo\/image\/","url":"https:\/\/formatgeriaxarcuteriablanca.com\/wp-content\/uploads\/2023\/02\/logo.jpg","contentUrl":"https:\/\/formatgeriaxarcuteriablanca.com\/wp-content\/uploads\/2023\/02\/logo.jpg","width":200,"height":103,"caption":"Formatgeria Xarcuteria Blanca"},"image":{"@id":"https:\/\/formatgeriaxarcuteriablanca.com\/es\/#\/schema\/logo\/image\/"},"sameAs":["https:\/\/es-es.facebook.com\/formatgeriablanca.formatgeriaxarcuteria","https:\/\/x.com\/formatge_blanca","https:\/\/www.instagram.com\/formatgeria_blanca\/"]}]}},"_links":{"self":[{"href":"https:\/\/formatgeriaxarcuteriablanca.com\/es\/wp-json\/wp\/v2\/pages\/22861"}],"collection":[{"href":"https:\/\/formatgeriaxarcuteriablanca.com\/es\/wp-json\/wp\/v2\/pages"}],"about":[{"href":"https:\/\/formatgeriaxarcuteriablanca.com\/es\/wp-json\/wp\/v2\/types\/page"}],"author":[{"embeddable":true,"href":"https:\/\/formatgeriaxarcuteriablanca.com\/es\/wp-json\/wp\/v2\/users\/3"}],"replies":[{"embeddable":true,"href":"https:\/\/formatgeriaxarcuteriablanca.com\/es\/wp-json\/wp\/v2\/comments?post=22861"}],"version-history":[{"count":16,"href":"https:\/\/formatgeriaxarcuteriablanca.com\/es\/wp-json\/wp\/v2\/pages\/22861\/revisions"}],"predecessor-version":[{"id":23053,"href":"https:\/\/formatgeriaxarcuteriablanca.com\/es\/wp-json\/wp\/v2\/pages\/22861\/revisions\/23053"}],"wp:attachment":[{"href":"https:\/\/formatgeriaxarcuteriablanca.com\/es\/wp-json\/wp\/v2\/media?parent=22861"}],"curies":[{"name":"wp","href":"https:\/\/api.w.org\/{rel}","templated":true}]}}