{"id":22859,"date":"2023-02-15T13:04:26","date_gmt":"2023-02-15T13:04:26","guid":{"rendered":"https:\/\/formatgeriaxarcuteriablanca.com\/declaracion-de-accesibilidad\/"},"modified":"2023-03-01T13:22:44","modified_gmt":"2023-03-01T13:22:44","slug":"declaracion-de-accesibilidad","status":"publish","type":"page","link":"https:\/\/formatgeriaxarcuteriablanca.com\/es\/declaracion-de-accesibilidad\/","title":{"rendered":"Declaraci\u00f3n de accesibilidad"},"content":{"rendered":"\t\t<div data-elementor-type=\"wp-page\" data-elementor-id=\"22859\" class=\"elementor elementor-22859 elementor-22561\">\n\t\t\t\t\t\t<section class=\"elementor-section elementor-top-section elementor-element elementor-element-0798655 elementor-section-boxed elementor-section-height-default elementor-section-height-default sc_fly_static\" data-id=\"0798655\" data-element_type=\"section\">\n\t\t\t\t\t\t<div class=\"elementor-container elementor-column-gap-extended\">\n\t\t\t\t\t<div class=\"elementor-column elementor-col-100 elementor-top-column elementor-element elementor-element-624a245 sc_inner_width_none sc_content_align_inherit sc_layouts_column_icons_position_left sc_fly_static\" data-id=\"624a245\" data-element_type=\"column\">\n\t\t\t<div class=\"elementor-widget-wrap elementor-element-populated\">\n\t\t\t\t\t\t<div class=\"elementor-element elementor-element-d0c4bb6 sc_fly_static elementor-widget elementor-widget-text-editor\" data-id=\"d0c4bb6\" data-element_type=\"widget\" data-widget_type=\"text-editor.default\">\n\t\t\t\t<div class=\"elementor-widget-container\">\n\t\t\t\t\t\t\t<p>Queremos que todo el mundo que visite la web de Queser\u00eda Charcuter\u00eda Blanca se sienta bienvenido y encuentre la experiencia gratificante.<\/p>\n<h2>\u00bfQu\u00e9 estamos haciendo?<\/h2>\n<p>Para ayudarnos a hacer de la web de Formatgeria Xarcuteria Blanca un sitio positivo para todos, hemos estado utilizando las Directrices de accesibilidad al contenido web (WCAG) 2.1. Estas directrices explican c\u00f3mo hacer que el contenido web sea m\u00e1s accesible para personas con discapacidad y f\u00e1cil de utilizar para todos.<\/p>\n<p>Las directrices tienen tres niveles de accesibilidad (A, AA y AAA). Hemos escogido el nivel AA como objetivo de la web de Formatgeria Xarcuteria Blanca.<\/p>\n<h2>\u00bfC\u00f3mo lo hacemos?<\/h2>\n<p>Hemos trabajado mucho en la web de Formatgeria Xarcuteria Blancay creemos que hemos alcanzado nuestro objetivo de accesibilidad de nivel AA. Supervisamos el sitio web peri\u00f3dicamente para mantenerlo, pero si encuentra alg\u00fan problema, p\u00f3ngase en contacto.<\/p>\n<p>H\u00e1ganos saber qu\u00e9 le parece<br \/>Si le ha gustado utilizar la web de Formatgeria Xarcuteria Blanca, o si ha tenido problemas con alguna parte de ella, p\u00f3ngase en contacto. Nos gustar\u00eda recibir noticias suyas de cualquiera de las siguientes formas:<\/p>\n<p>env\u00edanos un correo electr\u00f3nico a <a href=\"mailto:info@formatgeriaxarcuteriablanca.com\">info@formatgeriaxarcuteriablanca.com<\/a><br \/>ll\u00e1manos al 93 790 6287<br \/>ponte en contacto en <a href=\"https:\/\/www.formatgeriaxarcuteriablanca.com\/contacte\">https:\/\/www.formatgeriaxarcuteriablanca.com\/contacte<\/a><\/p>\n\t\t\t\t\t\t<\/div>\n\t\t\t\t<\/div>\n\t\t\t\t\t<\/div>\n\t\t<\/div>\n\t\t\t\t\t<\/div>\n\t\t<\/section>\n\t\t\t\t<\/div>\n\t\t","protected":false},"excerpt":{"rendered":"<p>Queremos que todo el mundo que visite la web de Queser\u00eda Charcuter\u00eda Blanca se sienta bienvenido y encuentre la experiencia gratificante. \u00bfQu\u00e9 estamos haciendo? Para ayudarnos a hacer de la&hellip;<\/p>\n","protected":false},"author":1,"featured_media":0,"parent":0,"menu_order":0,"comment_status":"closed","ping_status":"closed","template":"","meta":{"footnotes":""},"class_list":["post-22859","page","type-page","status-publish","hentry"],"yoast_head":"<!-- This site is optimized with the Yoast SEO plugin v23.8 - https:\/\/yoast.com\/wordpress\/plugins\/seo\/ -->\n<title>Declaraci\u00f3n de accesibilidad - Formatgeria Xarcuteria Blanca<\/title>\n<meta name=\"robots\" content=\"index, follow, max-snippet:-1, max-image-preview:large, max-video-preview:-1\" \/>\n<link rel=\"canonical\" href=\"https:\/\/formatgeriaxarcuteriablanca.com\/es\/declaracion-de-accesibilidad\/\" \/>\n<meta property=\"og:locale\" content=\"es_ES\" \/>\n<meta property=\"og:type\" content=\"article\" \/>\n<meta property=\"og:title\" content=\"Declaraci\u00f3n de accesibilidad - Formatgeria Xarcuteria Blanca\" \/>\n<meta property=\"og:description\" content=\"Queremos que todo el mundo que visite la web de Queser\u00eda Charcuter\u00eda Blanca se sienta bienvenido y encuentre la experiencia gratificante. \u00bfQu\u00e9 estamos haciendo? Para ayudarnos a hacer de la&hellip;\" \/>\n<meta property=\"og:url\" content=\"https:\/\/formatgeriaxarcuteriablanca.com\/es\/declaracion-de-accesibilidad\/\" \/>\n<meta property=\"og:site_name\" content=\"Formatgeria Xarcuteria Blanca\" \/>\n<meta property=\"article:publisher\" content=\"https:\/\/es-es.facebook.com\/formatgeriablanca.formatgeriaxarcuteria\" \/>\n<meta property=\"article:modified_time\" content=\"2023-03-01T13:22:44+00:00\" \/>\n<meta name=\"twitter:card\" content=\"summary_large_image\" \/>\n<meta name=\"twitter:site\" content=\"@formatge_blanca\" \/>\n<meta name=\"twitter:label1\" content=\"Tiempo de lectura\" \/>\n\t<meta name=\"twitter:data1\" content=\"1 minuto\" \/>\n<script type=\"application\/ld+json\" class=\"yoast-schema-graph\">{\"@context\":\"https:\/\/schema.org\",\"@graph\":[{\"@type\":\"WebPage\",\"@id\":\"https:\/\/formatgeriaxarcuteriablanca.com\/es\/declaracion-de-accesibilidad\/\",\"url\":\"https:\/\/formatgeriaxarcuteriablanca.com\/es\/declaracion-de-accesibilidad\/\",\"name\":\"Declaraci\u00f3n de accesibilidad - Formatgeria Xarcuteria Blanca\",\"isPartOf\":{\"@id\":\"https:\/\/formatgeriaxarcuteriablanca.com\/es\/#website\"},\"datePublished\":\"2023-02-15T13:04:26+00:00\",\"dateModified\":\"2023-03-01T13:22:44+00:00\",\"breadcrumb\":{\"@id\":\"https:\/\/formatgeriaxarcuteriablanca.com\/es\/declaracion-de-accesibilidad\/#breadcrumb\"},\"inLanguage\":\"es\",\"potentialAction\":[{\"@type\":\"ReadAction\",\"target\":[\"https:\/\/formatgeriaxarcuteriablanca.com\/es\/declaracion-de-accesibilidad\/\"]}]},{\"@type\":\"BreadcrumbList\",\"@id\":\"https:\/\/formatgeriaxarcuteriablanca.com\/es\/declaracion-de-accesibilidad\/#breadcrumb\",\"itemListElement\":[{\"@type\":\"ListItem\",\"position\":1,\"name\":\"Inici\",\"item\":\"https:\/\/formatgeriaxarcuteriablanca.com\/es\/formatgeria-xarcuteria-blanca\/\"},{\"@type\":\"ListItem\",\"position\":2,\"name\":\"Declaraci\u00f3n de accesibilidad\"}]},{\"@type\":\"WebSite\",\"@id\":\"https:\/\/formatgeriaxarcuteriablanca.com\/es\/#website\",\"url\":\"https:\/\/formatgeriaxarcuteriablanca.com\/es\/\",\"name\":\"Formatgeria Xarcuteria Blanca\",\"description\":\"\",\"publisher\":{\"@id\":\"https:\/\/formatgeriaxarcuteriablanca.com\/es\/#organization\"},\"potentialAction\":[{\"@type\":\"SearchAction\",\"target\":{\"@type\":\"EntryPoint\",\"urlTemplate\":\"https:\/\/formatgeriaxarcuteriablanca.com\/es\/?s={search_term_string}\"},\"query-input\":{\"@type\":\"PropertyValueSpecification\",\"valueRequired\":true,\"valueName\":\"search_term_string\"}}],\"inLanguage\":\"es\"},{\"@type\":\"Organization\",\"@id\":\"https:\/\/formatgeriaxarcuteriablanca.com\/es\/#organization\",\"name\":\"Formatgeria Xarcuteria Blanca\",\"url\":\"https:\/\/formatgeriaxarcuteriablanca.com\/es\/\",\"logo\":{\"@type\":\"ImageObject\",\"inLanguage\":\"es\",\"@id\":\"https:\/\/formatgeriaxarcuteriablanca.com\/es\/#\/schema\/logo\/image\/\",\"url\":\"https:\/\/formatgeriaxarcuteriablanca.com\/wp-content\/uploads\/2023\/02\/logo.jpg\",\"contentUrl\":\"https:\/\/formatgeriaxarcuteriablanca.com\/wp-content\/uploads\/2023\/02\/logo.jpg\",\"width\":200,\"height\":103,\"caption\":\"Formatgeria Xarcuteria Blanca\"},\"image\":{\"@id\":\"https:\/\/formatgeriaxarcuteriablanca.com\/es\/#\/schema\/logo\/image\/\"},\"sameAs\":[\"https:\/\/es-es.facebook.com\/formatgeriablanca.formatgeriaxarcuteria\",\"https:\/\/x.com\/formatge_blanca\",\"https:\/\/www.instagram.com\/formatgeria_blanca\/\"]}]}<\/script>\n<!-- \/ Yoast SEO plugin. -->","yoast_head_json":{"title":"Declaraci\u00f3n de accesibilidad - Formatgeria Xarcuteria Blanca","robots":{"index":"index","follow":"follow","max-snippet":"max-snippet:-1","max-image-preview":"max-image-preview:large","max-video-preview":"max-video-preview:-1"},"canonical":"https:\/\/formatgeriaxarcuteriablanca.com\/es\/declaracion-de-accesibilidad\/","og_locale":"es_ES","og_type":"article","og_title":"Declaraci\u00f3n de accesibilidad - Formatgeria Xarcuteria Blanca","og_description":"Queremos que todo el mundo que visite la web de Queser\u00eda Charcuter\u00eda Blanca se sienta bienvenido y encuentre la experiencia gratificante. \u00bfQu\u00e9 estamos haciendo? Para ayudarnos a hacer de la&hellip;","og_url":"https:\/\/formatgeriaxarcuteriablanca.com\/es\/declaracion-de-accesibilidad\/","og_site_name":"Formatgeria Xarcuteria Blanca","article_publisher":"https:\/\/es-es.facebook.com\/formatgeriablanca.formatgeriaxarcuteria","article_modified_time":"2023-03-01T13:22:44+00:00","twitter_card":"summary_large_image","twitter_site":"@formatge_blanca","twitter_misc":{"Tiempo de lectura":"1 minuto"},"schema":{"@context":"https:\/\/schema.org","@graph":[{"@type":"WebPage","@id":"https:\/\/formatgeriaxarcuteriablanca.com\/es\/declaracion-de-accesibilidad\/","url":"https:\/\/formatgeriaxarcuteriablanca.com\/es\/declaracion-de-accesibilidad\/","name":"Declaraci\u00f3n de accesibilidad - Formatgeria Xarcuteria Blanca","isPartOf":{"@id":"https:\/\/formatgeriaxarcuteriablanca.com\/es\/#website"},"datePublished":"2023-02-15T13:04:26+00:00","dateModified":"2023-03-01T13:22:44+00:00","breadcrumb":{"@id":"https:\/\/formatgeriaxarcuteriablanca.com\/es\/declaracion-de-accesibilidad\/#breadcrumb"},"inLanguage":"es","potentialAction":[{"@type":"ReadAction","target":["https:\/\/formatgeriaxarcuteriablanca.com\/es\/declaracion-de-accesibilidad\/"]}]},{"@type":"BreadcrumbList","@id":"https:\/\/formatgeriaxarcuteriablanca.com\/es\/declaracion-de-accesibilidad\/#breadcrumb","itemListElement":[{"@type":"ListItem","position":1,"name":"Inici","item":"https:\/\/formatgeriaxarcuteriablanca.com\/es\/formatgeria-xarcuteria-blanca\/"},{"@type":"ListItem","position":2,"name":"Declaraci\u00f3n de accesibilidad"}]},{"@type":"WebSite","@id":"https:\/\/formatgeriaxarcuteriablanca.com\/es\/#website","url":"https:\/\/formatgeriaxarcuteriablanca.com\/es\/","name":"Formatgeria Xarcuteria Blanca","description":"","publisher":{"@id":"https:\/\/formatgeriaxarcuteriablanca.com\/es\/#organization"},"potentialAction":[{"@type":"SearchAction","target":{"@type":"EntryPoint","urlTemplate":"https:\/\/formatgeriaxarcuteriablanca.com\/es\/?s={search_term_string}"},"query-input":{"@type":"PropertyValueSpecification","valueRequired":true,"valueName":"search_term_string"}}],"inLanguage":"es"},{"@type":"Organization","@id":"https:\/\/formatgeriaxarcuteriablanca.com\/es\/#organization","name":"Formatgeria Xarcuteria Blanca","url":"https:\/\/formatgeriaxarcuteriablanca.com\/es\/","logo":{"@type":"ImageObject","inLanguage":"es","@id":"https:\/\/formatgeriaxarcuteriablanca.com\/es\/#\/schema\/logo\/image\/","url":"https:\/\/formatgeriaxarcuteriablanca.com\/wp-content\/uploads\/2023\/02\/logo.jpg","contentUrl":"https:\/\/formatgeriaxarcuteriablanca.com\/wp-content\/uploads\/2023\/02\/logo.jpg","width":200,"height":103,"caption":"Formatgeria Xarcuteria Blanca"},"image":{"@id":"https:\/\/formatgeriaxarcuteriablanca.com\/es\/#\/schema\/logo\/image\/"},"sameAs":["https:\/\/es-es.facebook.com\/formatgeriablanca.formatgeriaxarcuteria","https:\/\/x.com\/formatge_blanca","https:\/\/www.instagram.com\/formatgeria_blanca\/"]}]}},"_links":{"self":[{"href":"https:\/\/formatgeriaxarcuteriablanca.com\/es\/wp-json\/wp\/v2\/pages\/22859"}],"collection":[{"href":"https:\/\/formatgeriaxarcuteriablanca.com\/es\/wp-json\/wp\/v2\/pages"}],"about":[{"href":"https:\/\/formatgeriaxarcuteriablanca.com\/es\/wp-json\/wp\/v2\/types\/page"}],"author":[{"embeddable":true,"href":"https:\/\/formatgeriaxarcuteriablanca.com\/es\/wp-json\/wp\/v2\/users\/1"}],"replies":[{"embeddable":true,"href":"https:\/\/formatgeriaxarcuteriablanca.com\/es\/wp-json\/wp\/v2\/comments?post=22859"}],"version-history":[{"count":1,"href":"https:\/\/formatgeriaxarcuteriablanca.com\/es\/wp-json\/wp\/v2\/pages\/22859\/revisions"}],"predecessor-version":[{"id":22860,"href":"https:\/\/formatgeriaxarcuteriablanca.com\/es\/wp-json\/wp\/v2\/pages\/22859\/revisions\/22860"}],"wp:attachment":[{"href":"https:\/\/formatgeriaxarcuteriablanca.com\/es\/wp-json\/wp\/v2\/media?parent=22859"}],"curies":[{"name":"wp","href":"https:\/\/api.w.org\/{rel}","templated":true}]}}