{"id":22855,"date":"2023-02-14T11:57:20","date_gmt":"2023-02-14T11:57:20","guid":{"rendered":"https:\/\/formatgeriaxarcuteriablanca.com\/politica-de-cookies\/"},"modified":"2023-03-01T13:17:27","modified_gmt":"2023-03-01T13:17:27","slug":"politica-de-cookies","status":"publish","type":"page","link":"https:\/\/formatgeriaxarcuteriablanca.com\/es\/politica-de-cookies\/","title":{"rendered":"Pol\u00edtica de cookies"},"content":{"rendered":"\t\t<div data-elementor-type=\"wp-page\" data-elementor-id=\"22855\" class=\"elementor elementor-22855 elementor-22355\">\n\t\t\t\t\t\t<section class=\"elementor-section elementor-top-section elementor-element elementor-element-1788ded sc_layouts_hide_on_wide sc_layouts_hide_on_desktop sc_layouts_hide_on_notebook sc_layouts_hide_on_tablet sc_layouts_hide_on_mobile elementor-section-boxed elementor-section-height-default elementor-section-height-default sc_fly_static\" data-id=\"1788ded\" data-element_type=\"section\">\n\t\t\t\t\t\t<div class=\"elementor-container elementor-column-gap-extended\">\n\t\t\t\t\t<div class=\"elementor-column elementor-col-100 elementor-top-column elementor-element elementor-element-778b393 sc_inner_width_none sc_content_align_inherit sc_layouts_column_icons_position_left sc_fly_static\" data-id=\"778b393\" data-element_type=\"column\">\n\t\t\t<div class=\"elementor-widget-wrap elementor-element-populated\">\n\t\t\t\t\t\t<div class=\"elementor-element elementor-element-4796138 sc_fly_static elementor-widget elementor-widget-text-editor\" data-id=\"4796138\" data-element_type=\"widget\" data-widget_type=\"text-editor.default\">\n\t\t\t\t<div class=\"elementor-widget-container\">\n\t\t\t\t\t\t\t<p>Pol\u00edtica de cookies<\/p>\n\t\t\t\t\t\t<\/div>\n\t\t\t\t<\/div>\n\t\t\t\t<div class=\"elementor-element elementor-element-d50ea2b sc_fly_static elementor-widget elementor-widget-image\" data-id=\"d50ea2b\" data-element_type=\"widget\" data-widget_type=\"image.default\">\n\t\t\t\t<div class=\"elementor-widget-container\">\n\t\t\t\t\t\t\t\t\t\t\t\t\t<img fetchpriority=\"high\" decoding=\"async\" width=\"512\" height=\"512\" src=\"https:\/\/formatgeriaxarcuteriablanca.com\/wp-content\/uploads\/2023\/02\/candado.png\" class=\"attachment-large size-large wp-image-22515\" alt=\"Pol\u00edtica de cookies\" srcset=\"https:\/\/formatgeriaxarcuteriablanca.com\/wp-content\/uploads\/2023\/02\/candado.png 512w, https:\/\/formatgeriaxarcuteriablanca.com\/wp-content\/uploads\/2023\/02\/candado-300x300.png 300w, https:\/\/formatgeriaxarcuteriablanca.com\/wp-content\/uploads\/2023\/02\/candado-150x150.png 150w, https:\/\/formatgeriaxarcuteriablanca.com\/wp-content\/uploads\/2023\/02\/candado-370x370.png 370w, https:\/\/formatgeriaxarcuteriablanca.com\/wp-content\/uploads\/2023\/02\/candado-120x120.png 120w, https:\/\/formatgeriaxarcuteriablanca.com\/wp-content\/uploads\/2023\/02\/candado-410x410.png 410w\" sizes=\"(max-width: 600px) 100vw, 512px\" \/>\t\t\t\t\t\t\t\t\t\t\t\t\t<\/div>\n\t\t\t\t<\/div>\n\t\t\t\t\t<\/div>\n\t\t<\/div>\n\t\t\t\t\t<\/div>\n\t\t<\/section>\n\t\t\t\t<section class=\"elementor-section elementor-top-section elementor-element elementor-element-185be34 elementor-section-boxed elementor-section-height-default elementor-section-height-default sc_fly_static\" data-id=\"185be34\" data-element_type=\"section\">\n\t\t\t\t\t\t<div class=\"elementor-container elementor-column-gap-extended\">\n\t\t\t\t\t<div class=\"elementor-column elementor-col-100 elementor-top-column elementor-element elementor-element-506707a sc_inner_width_none sc_content_align_inherit sc_layouts_column_icons_position_left sc_fly_static\" data-id=\"506707a\" data-element_type=\"column\">\n\t\t\t<div class=\"elementor-widget-wrap elementor-element-populated\">\n\t\t\t\t\t\t<div class=\"elementor-element elementor-element-e6abe85 sc_fly_static elementor-widget elementor-widget-text-editor\" data-id=\"e6abe85\" data-element_type=\"widget\" data-widget_type=\"text-editor.default\">\n\t\t\t\t<div class=\"elementor-widget-container\">\n\t\t\t\t\t\t\t<h2><strong class=\"text-negrita\">1. \u00das de galetes<\/strong><\/h2>\n<p class=\"lead text-muted\">La p\u00e0gina web <a href=\"https:\/\/www.formatgeriaxarcuteriablanca.com\">https:\/\/www.formatgeriaxarcuteriablanca.com<\/a> titularitat de utilitza cookies. Les cookies s\u00f3n fitxers que es descarreguen en el seu ordinador en accedir a determinades p\u00e0gines web. Les cookies permeten a una p\u00e0gina web, entre altres coses, emmagatzemar i recuperar informaci\u00f3 sobre els h\u00e0bits de navegaci\u00f3 d&#8217;un usuari o del seu equip i, depenent de la informaci\u00f3 que continguin i de la forma en qu\u00e8 utilitzi el seu equip.<\/p>\n<p class=\"lead text-muted\">A m\u00e9s, milloren el seu proc\u00e9s de navegaci\u00f3, ja que permeten que la p\u00e0gina web ofereixi a l&#8217;usuari informaci\u00f3 que pot ser del seu inter\u00e8s en funci\u00f3 de l&#8217;\u00fas que realitzi, del contingut de la mateixa.<\/p>\n<p class=\"lead text-muted\">En cas de no voler rebre cookies, si us plau configuri el seu navegador d&#8217;Internet, perqu\u00e8 les esborri del disc dur del seu ordinador, les bloquegi o l&#8217;avisi en cas d&#8217;instal\u00b7laci\u00f3 de les mateixes. Per continuar sense canvis en la configuraci\u00f3 de les galetes, simplement, continu\u00ef en la p\u00e0gina web.<\/p>\n<h2><strong class=\"text-negrita\">2. Consentiment<\/strong><\/h2>\n<p class=\"lead text-muted\">Les cookies que utilitzem no emmagatzemen dada personal, ni cap tipus d&#8217;informaci\u00f3 que pugui identificar-lo, llevat que vulgui registrar-se, de forma volunt\u00e0ria per tal d&#8217;utilitzar els serveis que posem a la seva disposici\u00f3 o de rebre informaci\u00f3 sobre promocions i continguts del seu inter\u00e8s .<\/p>\n<p class=\"lead text-muted\">En navegar per primera vegada per la nostra web apareixer\u00e0 un banner explicatiu de l&#8217;\u00fas de les cookies. En continuar en la nostra web ens indica que est\u00e0 consentint l&#8217;\u00fas de les galetes per a poder enunciades, i en les condicions contingudes en la present pol\u00edtica de cookies. Aquest consentiment \u00e9s v\u00e0lid per un per\u00edode de 13 mesos. En cas de no estar d&#8217;acord envi\u00ef un correu electr\u00f2nic a info@formatgeriablanca.com.<\/p>\n<h2><strong class=\"text-negrita\">3. Tipos y finalidad de las cookies<\/strong><\/h2>\n<p class=\"lead text-muted\">Les galetes, en funci\u00f3 de la seva perman\u00e8ncia, poden classificar-se en: Galetes de sessi\u00f3: expiren quan l&#8217;usuari tanca el navegador. Les galetes en funci\u00f3 del seu objectiu poden classificar-se de la seg\u00fcent manera: Galetes de rendiment (t\u00e8cniques i de personalitzaci\u00f3): Aquest tipus de galeta recorda les seves prefer\u00e8ncies per a les eines que es troben en els serveis, de manera que no ha de tornar a configurar el servei cada vegada que vost\u00e8 visita. A tall d&#8217;exemple, en aquesta tipologia s&#8217;inclouen: ajustaments de volum de reproductors de v\u00eddeo o so i les velocitats de transmissi\u00f3 de v\u00eddeo compatibles amb el seu navegador.<\/p>\n<p class=\"lead text-muted\">Galetes d&#8217;anal\u00edtiques: Cada vegada que un usuari visita un servei o informaci\u00f3 de la p\u00e0gina web o una eina d&#8217;un prove\u00efdor extern (Google Analytics, Comscore i similars que podran afegir-se a aquest llistat en cas que vari\u00efn en relaci\u00f3 amb els actuals) genera una cookie anal\u00edtica en l&#8217;ordinador de l&#8217;usuari. Aquesta galeta que nom\u00e9s es genera en la visita, servir\u00e0 en properes visites als serveis de la p\u00e0gina web per identificar de forma an\u00f2nima al visitant. Els objectius principals que es persegueixen s\u00f3n:<\/p>\n<p class=\"lead text-muted\">Permetre la identificaci\u00f3 an\u00f2nima dels usuaris navegants a trav\u00e9s de la galeta (identifica navegadors i dispositius, no persones) i per tant la comptabilitzaci\u00f3 aproximada del nombre de visitants i la seva tend\u00e8ncia en el temps. Identificar de forma an\u00f2nima els continguts m\u00e9s visitats i per tant m\u00e9s atractius per als usuaris. Saber si l&#8217;usuari que est\u00e0 accedint \u00e9s nou o repeteix visita. Important: Llevat que l&#8217;usuari decideixi registrar-se en algun servei o contingut de la p\u00e0gina web, la galeta mai anir\u00e0 associada a cap dada de car\u00e0cter personal que pugui identificar-lo. Aquestes galetes nom\u00e9s seran utilitzades amb prop\u00f2sits estad\u00edstics que ajudin a l&#8217;optimitzaci\u00f3 de l&#8217;experi\u00e8ncia dels usuaris a la p\u00e0gina web.<\/p>\n<h2><strong class=\"text-negrita\">4. Com bloquejar o eliminar les cookies instal\u00b7lades<\/strong><\/h2>\n<p class=\"lead text-muted\">Pot vost\u00e8 permetre, bloquejar o eliminar les cookies instal\u00b7lades en el seu equip mitjan\u00e7ant la configuraci\u00f3 de les opcions del seu navegador. Podeu trobar informaci\u00f3 sobre com fer-ho, en relaci\u00f3 amb els navegadors m\u00e9s comuns, en els links que s&#8217;inclouen a continuaci\u00f3:<\/p>\n<p class=\"lead text-muted\">Explorer: <a href=\"https:\/\/support.microsoft.com\/es-es\/kb\/278835\">https:\/\/support.microsoft.com\/es-es\/kb\/278835<\/a><\/p>\n<p class=\"lead text-muted\">Chrome: <a href=\"http:\/\/support.google.com\/chrome\/bin\/answer.py?hl=es&amp;answer=95647\">http:\/\/support.google.com\/chrome\/bin\/answer.py?hl=es&amp;answer=95647<\/a><\/p>\n<p class=\"lead text-muted\">Firefox: <a href=\"https:\/\/support.mozilla.org\/es\/kb\/Borrar%20cookies\">https:\/\/support.mozilla.org\/es\/kb\/Borrar%20cookies<\/a><\/p>\n<p class=\"lead text-muted\">Safari: <a href=\"http:\/\/support.apple.com\/kb\/ph5042\">http:\/\/support.apple.com\/kb\/ph5042<\/a><\/p>\n<p class=\"lead text-muted\">L&#8217;informem, per\u00f2, de la possibilitat de que la desactivaci\u00f3 d&#8217;alguna galeta impedeixi o dificulti la navegaci\u00f3 o la prestaci\u00f3 dels serveis oferts a la p\u00e0gina web.<\/p>\n<h2><strong class=\"text-negrita\">5. Modificacions<\/strong><\/h2>\n<p class=\"lead text-muted\">La p\u00e0gina web <a href=\"https:\/\/www.formatgeriaxarcuteriablanca.com\">https:\/\/www.formatgeriaxarcuteriablanca.com<\/a> pot modificar aquesta pol\u00edtica de cookies en funci\u00f3 d&#8217;exig\u00e8ncies legals, o amb la finalitat d&#8217;adaptar aquesta pol\u00edtica a les instruccions dictades per l&#8217;Ag\u00e8ncia Espanyola de Protecci\u00f3 de Dades.<\/p>\n<p class=\"lead text-muted\">Per aquesta ra\u00f3, aconsellem als usuaris que la visitin peri\u00f2dicament. Quan es produeixin canvis significatius en aquesta pol\u00edtica de cookies, es comunicaran als usuaris b\u00e9 mitjan\u00e7ant el web o mitjan\u00e7ant correu electr\u00f2nic als usuaris registrats.<\/p>\n\t\t\t\t\t\t<\/div>\n\t\t\t\t<\/div>\n\t\t\t\t\t<\/div>\n\t\t<\/div>\n\t\t\t\t\t<\/div>\n\t\t<\/section>\n\t\t\t\t<\/div>\n\t\t","protected":false},"excerpt":{"rendered":"<p>Pol\u00edtica de cookies 1. \u00das de galetes La p\u00e0gina web https:\/\/www.formatgeriaxarcuteriablanca.com titularitat de utilitza cookies. Les cookies s\u00f3n fitxers que es descarreguen en el seu ordinador en accedir a determinades&hellip;<\/p>\n","protected":false},"author":1,"featured_media":0,"parent":0,"menu_order":0,"comment_status":"closed","ping_status":"closed","template":"","meta":{"footnotes":""},"class_list":["post-22855","page","type-page","status-publish","hentry"],"yoast_head":"<!-- This site is optimized with the Yoast SEO plugin v23.8 - https:\/\/yoast.com\/wordpress\/plugins\/seo\/ -->\n<title>Pol\u00edtica de cookies - Formatgeria Xarcuteria Blanca<\/title>\n<meta name=\"description\" content=\"Pol\u00edtica de cookies de Formatgeria Xarcuteria Blanca. Formatges i embotits al Mercat de la Pla\u00e7a de Cuba de Matar\u00f3.\" \/>\n<meta name=\"robots\" content=\"index, follow, max-snippet:-1, max-image-preview:large, max-video-preview:-1\" \/>\n<link rel=\"canonical\" href=\"https:\/\/formatgeriaxarcuteriablanca.com\/es\/politica-de-cookies\/\" \/>\n<meta property=\"og:locale\" content=\"es_ES\" \/>\n<meta property=\"og:type\" content=\"article\" \/>\n<meta property=\"og:title\" content=\"Pol\u00edtica de cookies - Formatgeria Xarcuteria Blanca\" \/>\n<meta property=\"og:description\" content=\"Pol\u00edtica de cookies de Formatgeria Xarcuteria Blanca. Formatges i embotits al Mercat de la Pla\u00e7a de Cuba de Matar\u00f3.\" \/>\n<meta property=\"og:url\" content=\"https:\/\/formatgeriaxarcuteriablanca.com\/es\/politica-de-cookies\/\" \/>\n<meta property=\"og:site_name\" content=\"Formatgeria Xarcuteria Blanca\" \/>\n<meta property=\"article:publisher\" content=\"https:\/\/es-es.facebook.com\/formatgeriablanca.formatgeriaxarcuteria\" \/>\n<meta property=\"article:modified_time\" content=\"2023-03-01T13:17:27+00:00\" \/>\n<meta property=\"og:image\" content=\"https:\/\/formatgeriaxarcuteriablanca.com\/wp-content\/uploads\/2023\/02\/candado.png\" \/>\n<meta name=\"twitter:card\" content=\"summary_large_image\" \/>\n<meta name=\"twitter:site\" content=\"@formatge_blanca\" \/>\n<meta name=\"twitter:label1\" content=\"Tiempo de lectura\" \/>\n\t<meta name=\"twitter:data1\" content=\"4 minutos\" \/>\n<script type=\"application\/ld+json\" class=\"yoast-schema-graph\">{\"@context\":\"https:\/\/schema.org\",\"@graph\":[{\"@type\":\"WebPage\",\"@id\":\"https:\/\/formatgeriaxarcuteriablanca.com\/es\/politica-de-cookies\/\",\"url\":\"https:\/\/formatgeriaxarcuteriablanca.com\/es\/politica-de-cookies\/\",\"name\":\"Pol\u00edtica de cookies - Formatgeria Xarcuteria Blanca\",\"isPartOf\":{\"@id\":\"https:\/\/formatgeriaxarcuteriablanca.com\/es\/#website\"},\"primaryImageOfPage\":{\"@id\":\"https:\/\/formatgeriaxarcuteriablanca.com\/es\/politica-de-cookies\/#primaryimage\"},\"image\":{\"@id\":\"https:\/\/formatgeriaxarcuteriablanca.com\/es\/politica-de-cookies\/#primaryimage\"},\"thumbnailUrl\":\"https:\/\/formatgeriaxarcuteriablanca.com\/wp-content\/uploads\/2023\/02\/candado.png\",\"datePublished\":\"2023-02-14T11:57:20+00:00\",\"dateModified\":\"2023-03-01T13:17:27+00:00\",\"description\":\"Pol\u00edtica de cookies de Formatgeria Xarcuteria Blanca. Formatges i embotits al Mercat de la Pla\u00e7a de Cuba de Matar\u00f3.\",\"breadcrumb\":{\"@id\":\"https:\/\/formatgeriaxarcuteriablanca.com\/es\/politica-de-cookies\/#breadcrumb\"},\"inLanguage\":\"es\",\"potentialAction\":[{\"@type\":\"ReadAction\",\"target\":[\"https:\/\/formatgeriaxarcuteriablanca.com\/es\/politica-de-cookies\/\"]}]},{\"@type\":\"ImageObject\",\"inLanguage\":\"es\",\"@id\":\"https:\/\/formatgeriaxarcuteriablanca.com\/es\/politica-de-cookies\/#primaryimage\",\"url\":\"https:\/\/formatgeriaxarcuteriablanca.com\/wp-content\/uploads\/2023\/02\/candado.png\",\"contentUrl\":\"https:\/\/formatgeriaxarcuteriablanca.com\/wp-content\/uploads\/2023\/02\/candado.png\"},{\"@type\":\"BreadcrumbList\",\"@id\":\"https:\/\/formatgeriaxarcuteriablanca.com\/es\/politica-de-cookies\/#breadcrumb\",\"itemListElement\":[{\"@type\":\"ListItem\",\"position\":1,\"name\":\"Inici\",\"item\":\"https:\/\/formatgeriaxarcuteriablanca.com\/es\/formatgeria-xarcuteria-blanca\/\"},{\"@type\":\"ListItem\",\"position\":2,\"name\":\"Pol\u00edtica de cookies\"}]},{\"@type\":\"WebSite\",\"@id\":\"https:\/\/formatgeriaxarcuteriablanca.com\/es\/#website\",\"url\":\"https:\/\/formatgeriaxarcuteriablanca.com\/es\/\",\"name\":\"Formatgeria Xarcuteria Blanca\",\"description\":\"\",\"publisher\":{\"@id\":\"https:\/\/formatgeriaxarcuteriablanca.com\/es\/#organization\"},\"potentialAction\":[{\"@type\":\"SearchAction\",\"target\":{\"@type\":\"EntryPoint\",\"urlTemplate\":\"https:\/\/formatgeriaxarcuteriablanca.com\/es\/?s={search_term_string}\"},\"query-input\":{\"@type\":\"PropertyValueSpecification\",\"valueRequired\":true,\"valueName\":\"search_term_string\"}}],\"inLanguage\":\"es\"},{\"@type\":\"Organization\",\"@id\":\"https:\/\/formatgeriaxarcuteriablanca.com\/es\/#organization\",\"name\":\"Formatgeria Xarcuteria Blanca\",\"url\":\"https:\/\/formatgeriaxarcuteriablanca.com\/es\/\",\"logo\":{\"@type\":\"ImageObject\",\"inLanguage\":\"es\",\"@id\":\"https:\/\/formatgeriaxarcuteriablanca.com\/es\/#\/schema\/logo\/image\/\",\"url\":\"https:\/\/formatgeriaxarcuteriablanca.com\/wp-content\/uploads\/2023\/02\/logo.jpg\",\"contentUrl\":\"https:\/\/formatgeriaxarcuteriablanca.com\/wp-content\/uploads\/2023\/02\/logo.jpg\",\"width\":200,\"height\":103,\"caption\":\"Formatgeria Xarcuteria Blanca\"},\"image\":{\"@id\":\"https:\/\/formatgeriaxarcuteriablanca.com\/es\/#\/schema\/logo\/image\/\"},\"sameAs\":[\"https:\/\/es-es.facebook.com\/formatgeriablanca.formatgeriaxarcuteria\",\"https:\/\/x.com\/formatge_blanca\",\"https:\/\/www.instagram.com\/formatgeria_blanca\/\"]}]}<\/script>\n<!-- \/ Yoast SEO plugin. -->","yoast_head_json":{"title":"Pol\u00edtica de cookies - Formatgeria Xarcuteria Blanca","description":"Pol\u00edtica de cookies de Formatgeria Xarcuteria Blanca. Formatges i embotits al Mercat de la Pla\u00e7a de Cuba de Matar\u00f3.","robots":{"index":"index","follow":"follow","max-snippet":"max-snippet:-1","max-image-preview":"max-image-preview:large","max-video-preview":"max-video-preview:-1"},"canonical":"https:\/\/formatgeriaxarcuteriablanca.com\/es\/politica-de-cookies\/","og_locale":"es_ES","og_type":"article","og_title":"Pol\u00edtica de cookies - Formatgeria Xarcuteria Blanca","og_description":"Pol\u00edtica de cookies de Formatgeria Xarcuteria Blanca. Formatges i embotits al Mercat de la Pla\u00e7a de Cuba de Matar\u00f3.","og_url":"https:\/\/formatgeriaxarcuteriablanca.com\/es\/politica-de-cookies\/","og_site_name":"Formatgeria Xarcuteria Blanca","article_publisher":"https:\/\/es-es.facebook.com\/formatgeriablanca.formatgeriaxarcuteria","article_modified_time":"2023-03-01T13:17:27+00:00","og_image":[{"url":"https:\/\/formatgeriaxarcuteriablanca.com\/wp-content\/uploads\/2023\/02\/candado.png"}],"twitter_card":"summary_large_image","twitter_site":"@formatge_blanca","twitter_misc":{"Tiempo de lectura":"4 minutos"},"schema":{"@context":"https:\/\/schema.org","@graph":[{"@type":"WebPage","@id":"https:\/\/formatgeriaxarcuteriablanca.com\/es\/politica-de-cookies\/","url":"https:\/\/formatgeriaxarcuteriablanca.com\/es\/politica-de-cookies\/","name":"Pol\u00edtica de cookies - Formatgeria Xarcuteria Blanca","isPartOf":{"@id":"https:\/\/formatgeriaxarcuteriablanca.com\/es\/#website"},"primaryImageOfPage":{"@id":"https:\/\/formatgeriaxarcuteriablanca.com\/es\/politica-de-cookies\/#primaryimage"},"image":{"@id":"https:\/\/formatgeriaxarcuteriablanca.com\/es\/politica-de-cookies\/#primaryimage"},"thumbnailUrl":"https:\/\/formatgeriaxarcuteriablanca.com\/wp-content\/uploads\/2023\/02\/candado.png","datePublished":"2023-02-14T11:57:20+00:00","dateModified":"2023-03-01T13:17:27+00:00","description":"Pol\u00edtica de cookies de Formatgeria Xarcuteria Blanca. Formatges i embotits al Mercat de la Pla\u00e7a de Cuba de Matar\u00f3.","breadcrumb":{"@id":"https:\/\/formatgeriaxarcuteriablanca.com\/es\/politica-de-cookies\/#breadcrumb"},"inLanguage":"es","potentialAction":[{"@type":"ReadAction","target":["https:\/\/formatgeriaxarcuteriablanca.com\/es\/politica-de-cookies\/"]}]},{"@type":"ImageObject","inLanguage":"es","@id":"https:\/\/formatgeriaxarcuteriablanca.com\/es\/politica-de-cookies\/#primaryimage","url":"https:\/\/formatgeriaxarcuteriablanca.com\/wp-content\/uploads\/2023\/02\/candado.png","contentUrl":"https:\/\/formatgeriaxarcuteriablanca.com\/wp-content\/uploads\/2023\/02\/candado.png"},{"@type":"BreadcrumbList","@id":"https:\/\/formatgeriaxarcuteriablanca.com\/es\/politica-de-cookies\/#breadcrumb","itemListElement":[{"@type":"ListItem","position":1,"name":"Inici","item":"https:\/\/formatgeriaxarcuteriablanca.com\/es\/formatgeria-xarcuteria-blanca\/"},{"@type":"ListItem","position":2,"name":"Pol\u00edtica de cookies"}]},{"@type":"WebSite","@id":"https:\/\/formatgeriaxarcuteriablanca.com\/es\/#website","url":"https:\/\/formatgeriaxarcuteriablanca.com\/es\/","name":"Formatgeria Xarcuteria Blanca","description":"","publisher":{"@id":"https:\/\/formatgeriaxarcuteriablanca.com\/es\/#organization"},"potentialAction":[{"@type":"SearchAction","target":{"@type":"EntryPoint","urlTemplate":"https:\/\/formatgeriaxarcuteriablanca.com\/es\/?s={search_term_string}"},"query-input":{"@type":"PropertyValueSpecification","valueRequired":true,"valueName":"search_term_string"}}],"inLanguage":"es"},{"@type":"Organization","@id":"https:\/\/formatgeriaxarcuteriablanca.com\/es\/#organization","name":"Formatgeria Xarcuteria Blanca","url":"https:\/\/formatgeriaxarcuteriablanca.com\/es\/","logo":{"@type":"ImageObject","inLanguage":"es","@id":"https:\/\/formatgeriaxarcuteriablanca.com\/es\/#\/schema\/logo\/image\/","url":"https:\/\/formatgeriaxarcuteriablanca.com\/wp-content\/uploads\/2023\/02\/logo.jpg","contentUrl":"https:\/\/formatgeriaxarcuteriablanca.com\/wp-content\/uploads\/2023\/02\/logo.jpg","width":200,"height":103,"caption":"Formatgeria Xarcuteria Blanca"},"image":{"@id":"https:\/\/formatgeriaxarcuteriablanca.com\/es\/#\/schema\/logo\/image\/"},"sameAs":["https:\/\/es-es.facebook.com\/formatgeriablanca.formatgeriaxarcuteria","https:\/\/x.com\/formatge_blanca","https:\/\/www.instagram.com\/formatgeria_blanca\/"]}]}},"_links":{"self":[{"href":"https:\/\/formatgeriaxarcuteriablanca.com\/es\/wp-json\/wp\/v2\/pages\/22855"}],"collection":[{"href":"https:\/\/formatgeriaxarcuteriablanca.com\/es\/wp-json\/wp\/v2\/pages"}],"about":[{"href":"https:\/\/formatgeriaxarcuteriablanca.com\/es\/wp-json\/wp\/v2\/types\/page"}],"author":[{"embeddable":true,"href":"https:\/\/formatgeriaxarcuteriablanca.com\/es\/wp-json\/wp\/v2\/users\/1"}],"replies":[{"embeddable":true,"href":"https:\/\/formatgeriaxarcuteriablanca.com\/es\/wp-json\/wp\/v2\/comments?post=22855"}],"version-history":[{"count":1,"href":"https:\/\/formatgeriaxarcuteriablanca.com\/es\/wp-json\/wp\/v2\/pages\/22855\/revisions"}],"predecessor-version":[{"id":22856,"href":"https:\/\/formatgeriaxarcuteriablanca.com\/es\/wp-json\/wp\/v2\/pages\/22855\/revisions\/22856"}],"wp:attachment":[{"href":"https:\/\/formatgeriaxarcuteriablanca.com\/es\/wp-json\/wp\/v2\/media?parent=22855"}],"curies":[{"name":"wp","href":"https:\/\/api.w.org\/{rel}","templated":true}]}}